{"id":47,"date":"2022-04-23T10:37:17","date_gmt":"2022-04-23T08:37:17","guid":{"rendered":"https:\/\/blog.phsz.ch\/ge3\/?page_id=47"},"modified":"2022-04-28T17:20:02","modified_gmt":"2022-04-28T15:20:02","slug":"ziele","status":"publish","type":"page","link":"https:\/\/blog.phsz.ch\/ge3\/ziele\/","title":{"rendered":"Ziele"},"content":{"rendered":"\n<div class=\"wp-block-advgb-columns advgb-columns-wrapper\" id=\"advgb-cols-d30a23d9-3729-4241-ab3b-fdc584550779\"><div class=\"advgb-columns-container\"><div class=\"advgb-columns advgb-columns-row advgb-is-mobile advgb-columns-2 layout-34-14 mbl-layout-stacked vgutter-10\">\n<div class=\"wp-block-advgb-column advgb-column advgb-is-three-quarters-tablet advgb-is-full-mobile\" id=\"advgb-col-4a1a78cc-54d1-4bd6-9104-671f342b842f\"><div class=\"advgb-column-inner\" style=\"border-style:none;border-width:1px\">\n<h2 class=\"wp-block-heading\"><\/h2>\n<\/div><\/div>\n<div class=\"wp-block-advgb-column advgb-column advgb-is-one-quarter-tablet advgb-is-full-mobile\" id=\"advgb-col-d12bac37-fe1a-4142-a54a-a46a25dcd598\"><div class=\"advgb-column-inner\" style=\"border-style:none;border-width:1px\">\n<figure class=\"wp-block-image size-full is-resized is-style-default\"><img loading=\"lazy\" decoding=\"async\" src=\"https:\/\/blog.phsz.ch\/ge3\/wp-content\/uploads\/sites\/20\/2022\/10\/Ge3-Logo_klein-5.jpg\" alt=\"\" class=\"wp-image-364\" width=\"300\" height=\"258\" srcset=\"https:\/\/blog.phsz.ch\/ge3\/wp-content\/uploads\/sites\/20\/2022\/10\/Ge3-Logo_klein-5.jpg 400w, https:\/\/blog.phsz.ch\/ge3\/wp-content\/uploads\/sites\/20\/2022\/10\/Ge3-Logo_klein-5-300x258.jpg 300w\" sizes=\"auto, (max-width: 300px) 100vw, 300px\" \/><\/figure>\n<\/div><\/div>\n<\/div><\/div><\/div>\n\n\n\n<figure class=\"wp-block-image size-full\"><a href=\"https:\/\/blog.phsz.ch\/ge3\"><img loading=\"lazy\" decoding=\"async\" width=\"24\" height=\"44\" src=\"https:\/\/blog.phsz.ch\/ge3\/wp-content\/uploads\/sites\/20\/2022\/04\/icons8-home-1.png\" alt=\"Home\" class=\"wp-image-89\" \/><\/a><\/figure>\n\n\n\n<div class=\"wp-block-columns is-layout-flex wp-container-core-columns-is-layout-9d6595d7 wp-block-columns-is-layout-flex\">\n<div class=\"wp-block-column is-layout-flow wp-block-column-is-layout-flow\" style=\"flex-basis:100%\">\n<div class=\"wp-block-advgb-columns advgb-columns-wrapper\" id=\"advgb-cols-7d0c4016-032f-4db1-b390-0ea99fd9e3fc\"><div class=\"advgb-columns-container\"><div class=\"advgb-columns advgb-columns-row advgb-is-mobile advgb-columns-2 layout-13-23 mbl-layout-stacked vgutter-10\">\n<div class=\"wp-block-advgb-column advgb-column advgb-is-one-third-tablet advgb-is-full-mobile\" id=\"advgb-col-29ec733f-9826-4dc9-a24f-8a884a7bbb9f\"><div class=\"advgb-column-inner\" style=\"border-style:none;border-width:1px\">\n<div class=\"wp-block-buttons is-layout-flex wp-block-buttons-is-layout-flex\"><\/div>\n\n\n\n<div class=\"wp-block-buttons is-layout-flex wp-block-buttons-is-layout-flex\">\n<div class=\"wp-block-button has-custom-width wp-block-button__width-75 is-style-fill\"><a class=\"wp-block-button__link has-contrast-color has-text-color has-background\" style=\"border-radius:5px;background-color:#dce0ea\"><strong>Ziele<\/strong><\/a><\/div>\n\n\n\n<div class=\"wp-block-button has-custom-width wp-block-button__width-75 is-style-fill\"><a class=\"wp-block-button__link has-contrast-color has-text-color has-background\" href=\"https:\/\/blog.phsz.ch\/ge3\/hintergrund\" style=\"border-radius:5px;background-color:#dce0ea\">Hintergrund<\/a><\/div>\n\n\n\n<div class=\"wp-block-button has-custom-width wp-block-button__width-75 is-style-fill\"><a class=\"wp-block-button__link has-contrast-color has-text-color has-background\" href=\"https:\/\/blog.phsz.ch\/ge3\/vorgehen\" style=\"border-radius:5px;background-color:#dce0ea\">Schule handelt<\/a><\/div>\n\n\n\n<div class=\"wp-block-button has-custom-width wp-block-button__width-75 is-style-fill\"><a class=\"wp-block-button__link has-contrast-color has-text-color has-background\" href=\"https:\/\/blog.phsz.ch\/ge3\/projektteam\" style=\"border-radius:5px;background-color:#dce0ea\">Projektteam<\/a><\/div>\n\n\n\n<div class=\"wp-block-button has-custom-width wp-block-button__width-75 is-style-fill\"><a class=\"wp-block-button__link has-contrast-color has-text-color has-background\" href=\"https:\/\/blog.phsz.ch\/ge3\/projektdauer\" style=\"border-radius:5px;background-color:#dce0ea\">Studie<\/a><\/div>\n\n\n\n<div class=\"wp-block-button has-custom-width wp-block-button__width-75 is-style-fill\"><a class=\"wp-block-button__link has-contrast-color has-text-color has-background\" href=\"https:\/\/blog.phsz.ch\/ge3\/kooperationspartner\" style=\"border-radius:5px;background-color:#dce0ea\">Kooperationspartner<\/a><\/div>\n\n\n\n<div class=\"wp-block-button has-custom-width wp-block-button__width-75 is-style-fill\"><a class=\"wp-block-button__link has-contrast-color has-text-color has-background\" href=\"https:\/\/blog.phsz.ch\/ge3\/ergebnisse\" style=\"border-radius:5px;background-color:#dce0ea\">Ergebnisse<\/a><\/div>\n\n\n\n<div class=\"wp-block-button has-custom-width wp-block-button__width-75 is-style-fill\"><a class=\"wp-block-button__link has-contrast-color has-text-color has-background\" href=\"https:\/\/blog.phsz.ch\/ge3\/finanzierung\" style=\"border-radius:5px;background-color:#dce0ea\">Finanzierung<\/a><\/div>\n<\/div>\n\n\n\n<div class=\"wp-block-buttons is-layout-flex wp-block-buttons-is-layout-flex\"><\/div>\n<\/div><\/div>\n\n\n\n<div class=\"wp-block-advgb-column advgb-column advgb-is-two-thirds-tablet advgb-is-full-mobile\" id=\"advgb-col-511e8dcb-aade-49c6-953a-7f6e38968f98\"><div class=\"advgb-column-inner\" style=\"border-style:none;border-width:1px\">\n<h2 class=\"wp-block-heading\">Ziele<\/h2>\n\n\n\n<p>\u00ab<a href=\"https:\/\/www.radix.ch\/de\/gesunde-schulen\/angebote\/schule-handelt\/\">Schule handelt<\/a>\u00bb ist ein Schulentwicklungsprozess, der die St\u00e4rkung der Gesundheit aller Mitarbeitenden zum Ziel hat und Schulen erm\u00f6glicht, systematische betriebliche Gesundheitsf\u00f6rderung zu etablieren.&nbsp; Ausgangspunkt ist dabei eine Personalbefragung, auf deren Grundlage gemeinsam Massnahmen abgeleitet werden, die Belastungen reduzieren und Ressourcen aufbauen sollen.<\/p>\n\n\n\n<p>Das Forschungsprojekt begleitet sechs Schulen w\u00e4hrend dieser Intervention und hat zum Ziel, herauszufinden,<\/p>\n\n\n\n<ol class=\"wp-block-list\" type=\"1\"><li>wie die Umsetzung von \u00abSchule handelt\u00bb geplant und umgesetzt wird (Prozess),<\/li><li>wie die Ausgangslage (Kontext) diesen Prozess beeinflusst, und<\/li><li>welche intendierten und nicht intendierten Ver\u00e4nderungen (u.a. auf die Ressourcen-Belastungssituation am Arbeitsplatz und die Gesundheit der Mitarbeitenden) sich beobachten lassen (Wirkung).<\/li><\/ol>\n\n\n\n<p><\/p>\n<\/div><\/div>\n<\/div><\/div><\/div>\n<\/div>\n<\/div>\n\n\n\n<div class=\"wp-block-buttons is-layout-flex wp-block-buttons-is-layout-flex\"><\/div>\n\n\n\n<p><\/p>\n<style class=\"advgb-styles-renderer\">#advgb-col-29ec733f-9826-4dc9-a24f-8a884a7bbb9f>.advgb-column-inner{}@media screen and (max-width: 1023px) {#advgb-col-29ec733f-9826-4dc9-a24f-8a884a7bbb9f>.advgb-column-inner{}}@media screen and (max-width: 767px) {#advgb-col-29ec733f-9826-4dc9-a24f-8a884a7bbb9f>.advgb-column-inner{}}#advgb-col-511e8dcb-aade-49c6-953a-7f6e38968f98>.advgb-column-inner{}@media screen and (max-width: 1023px) {#advgb-col-511e8dcb-aade-49c6-953a-7f6e38968f98>.advgb-column-inner{}}@media screen and (max-width: 767px) {#advgb-col-511e8dcb-aade-49c6-953a-7f6e38968f98>.advgb-column-inner{}}#advgb-cols-7d0c4016-032f-4db1-b390-0ea99fd9e3fc{}@media screen and (max-width: 1023px) {#advgb-cols-7d0c4016-032f-4db1-b390-0ea99fd9e3fc{}}@media screen and (max-width: 767px) {#advgb-cols-7d0c4016-032f-4db1-b390-0ea99fd9e3fc{}}#advgb-col-29ec733f-9826-4dc9-a24f-8a884a7bbb9f>.advgb-column-inner{}@media screen and (max-width: 1023px) {#advgb-col-29ec733f-9826-4dc9-a24f-8a884a7bbb9f>.advgb-column-inner{}}@media screen and (max-width: 767px) {#advgb-col-29ec733f-9826-4dc9-a24f-8a884a7bbb9f>.advgb-column-inner{}}#advgb-col-511e8dcb-aade-49c6-953a-7f6e38968f98>.advgb-column-inner{}@media screen and (max-width: 1023px) {#advgb-col-511e8dcb-aade-49c6-953a-7f6e38968f98>.advgb-column-inner{}}@media screen and (max-width: 767px) {#advgb-col-511e8dcb-aade-49c6-953a-7f6e38968f98>.advgb-column-inner{}}#advgb-cols-7d0c4016-032f-4db1-b390-0ea99fd9e3fc{}@media screen and (max-width: 1023px) {#advgb-cols-7d0c4016-032f-4db1-b390-0ea99fd9e3fc{}}@media screen and (max-width: 767px) {#advgb-cols-7d0c4016-032f-4db1-b390-0ea99fd9e3fc{}}#advgb-col-29ec733f-9826-4dc9-a24f-8a884a7bbb9f>.advgb-column-inner{}@media screen and (max-width: 1023px) {#advgb-col-29ec733f-9826-4dc9-a24f-8a884a7bbb9f>.advgb-column-inner{}}@media screen and (max-width: 767px) {#advgb-col-29ec733f-9826-4dc9-a24f-8a884a7bbb9f>.advgb-column-inner{}}#advgb-col-511e8dcb-aade-49c6-953a-7f6e38968f98>.advgb-column-inner{}@media screen and (max-width: 1023px) {#advgb-col-511e8dcb-aade-49c6-953a-7f6e38968f98>.advgb-column-inner{}}@media screen and (max-width: 767px) {#advgb-col-511e8dcb-aade-49c6-953a-7f6e38968f98>.advgb-column-inner{}}#advgb-cols-7d0c4016-032f-4db1-b390-0ea99fd9e3fc{}@media screen and (max-width: 1023px) {#advgb-cols-7d0c4016-032f-4db1-b390-0ea99fd9e3fc{}}@media screen and (max-width: 767px) {#advgb-cols-7d0c4016-032f-4db1-b390-0ea99fd9e3fc{}}#advgb-col-29ec733f-9826-4dc9-a24f-8a884a7bbb9f>.advgb-column-inner{}@media screen and (max-width: 1023px) {#advgb-col-29ec733f-9826-4dc9-a24f-8a884a7bbb9f>.advgb-column-inner{}}@media screen and (max-width: 767px) {#advgb-col-29ec733f-9826-4dc9-a24f-8a884a7bbb9f>.advgb-column-inner{}}#advgb-col-511e8dcb-aade-49c6-953a-7f6e38968f98>.advgb-column-inner{}@media screen and (max-width: 1023px) {#advgb-col-511e8dcb-aade-49c6-953a-7f6e38968f98>.advgb-column-inner{}}@media screen and (max-width: 767px) {#advgb-col-511e8dcb-aade-49c6-953a-7f6e38968f98>.advgb-column-inner{}}<\/style>","protected":false},"excerpt":{"rendered":"","protected":false},"author":1,"featured_media":0,"parent":0,"menu_order":0,"comment_status":"closed","ping_status":"closed","template":"","meta":{"advgb_blocks_editor_width":"","advgb_blocks_columns_visual_guide":"","footnotes":""},"class_list":["post-47","page","type-page","status-publish"],"coauthors":[],"author_meta":{"author_link":"https:\/\/blog.phsz.ch\/ge3\/author\/heinz-kueng\/","display_name":"heinz.kueng"},"relative_dates":{"created":"Posted 4\u00a0Jahren ago","modified":"Updated 4\u00a0Jahren ago"},"absolute_dates":{"created":"Posted on 23. April 2022","modified":"Updated on 28. April 2022"},"absolute_dates_time":{"created":"Posted on 23. April 2022 10:37","modified":"Updated on 28. April 2022 17:20"},"featured_img_caption":"","featured_img":false,"series_order":"","_links":{"self":[{"href":"https:\/\/blog.phsz.ch\/ge3\/wp-json\/wp\/v2\/pages\/47","targetHints":{"allow":["GET"]}}],"collection":[{"href":"https:\/\/blog.phsz.ch\/ge3\/wp-json\/wp\/v2\/pages"}],"about":[{"href":"https:\/\/blog.phsz.ch\/ge3\/wp-json\/wp\/v2\/types\/page"}],"author":[{"embeddable":true,"href":"https:\/\/blog.phsz.ch\/ge3\/wp-json\/wp\/v2\/users\/1"}],"replies":[{"embeddable":true,"href":"https:\/\/blog.phsz.ch\/ge3\/wp-json\/wp\/v2\/comments?post=47"}],"version-history":[{"count":12,"href":"https:\/\/blog.phsz.ch\/ge3\/wp-json\/wp\/v2\/pages\/47\/revisions"}],"predecessor-version":[{"id":309,"href":"https:\/\/blog.phsz.ch\/ge3\/wp-json\/wp\/v2\/pages\/47\/revisions\/309"}],"wp:attachment":[{"href":"https:\/\/blog.phsz.ch\/ge3\/wp-json\/wp\/v2\/media?parent=47"}],"curies":[{"name":"wp","href":"https:\/\/api.w.org\/{rel}","templated":true}]}}