{"id":55,"date":"2022-04-23T10:45:32","date_gmt":"2022-04-23T08:45:32","guid":{"rendered":"https:\/\/blog.phsz.ch\/ge3\/?page_id=55"},"modified":"2022-10-10T11:43:46","modified_gmt":"2022-10-10T09:43:46","slug":"hintergrund","status":"publish","type":"page","link":"https:\/\/blog.phsz.ch\/ge3\/hintergrund\/","title":{"rendered":"Hintergrund"},"content":{"rendered":"\n<div class=\"wp-block-advgb-columns advgb-columns-wrapper\" id=\"advgb-cols-d30a23d9-3729-4241-ab3b-fdc584550779\"><div class=\"advgb-columns-container\"><div class=\"advgb-columns advgb-columns-row advgb-is-mobile advgb-columns-2 layout-34-14 mbl-layout-stacked vgutter-10\">\n<div class=\"wp-block-advgb-column advgb-column advgb-is-three-quarters-tablet advgb-is-full-mobile\" id=\"advgb-col-4a1a78cc-54d1-4bd6-9104-671f342b842f\"><div class=\"advgb-column-inner\" style=\"border-style:none;border-width:1px\">\n<h2 class=\"wp-block-heading\"><\/h2>\n<\/div><\/div>\n<div class=\"wp-block-advgb-column advgb-column advgb-is-one-quarter-tablet advgb-is-full-mobile\" id=\"advgb-col-d12bac37-fe1a-4142-a54a-a46a25dcd598\"><div class=\"advgb-column-inner\" style=\"border-style:none;border-width:1px\">\n<figure class=\"wp-block-image size-full is-resized is-style-default\"><img loading=\"lazy\" decoding=\"async\" src=\"https:\/\/blog.phsz.ch\/ge3\/wp-content\/uploads\/sites\/20\/2022\/10\/Ge3-Logo_klein-5.jpg\" alt=\"\" class=\"wp-image-364\" width=\"300\" height=\"258\" srcset=\"https:\/\/blog.phsz.ch\/ge3\/wp-content\/uploads\/sites\/20\/2022\/10\/Ge3-Logo_klein-5.jpg 400w, https:\/\/blog.phsz.ch\/ge3\/wp-content\/uploads\/sites\/20\/2022\/10\/Ge3-Logo_klein-5-300x258.jpg 300w\" sizes=\"auto, (max-width: 300px) 100vw, 300px\" \/><\/figure>\n<\/div><\/div>\n<\/div><\/div><\/div>\n\n\n\n<figure class=\"wp-block-image size-full\"><a href=\"https:\/\/blog.phsz.ch\/ge3\"><img loading=\"lazy\" decoding=\"async\" width=\"24\" height=\"44\" src=\"https:\/\/blog.phsz.ch\/ge3\/wp-content\/uploads\/sites\/20\/2022\/04\/icons8-home-1.png\" alt=\"Home\" class=\"wp-image-89\" \/><\/a><\/figure>\n\n\n\n<div class=\"wp-block-columns is-layout-flex wp-container-core-columns-is-layout-9d6595d7 wp-block-columns-is-layout-flex\">\n<div class=\"wp-block-column is-layout-flow wp-block-column-is-layout-flow\" style=\"flex-basis:100%\">\n<div class=\"wp-block-advgb-columns advgb-columns-wrapper\" id=\"advgb-cols-af28736f-1f41-4b65-b496-731b7f094375\"><div class=\"advgb-columns-container\"><div class=\"advgb-columns advgb-columns-row advgb-is-mobile advgb-columns-2 layout-13-23 mbl-layout-stacked vgutter-10\">\n<div class=\"wp-block-advgb-column advgb-column advgb-is-one-third-tablet advgb-is-full-mobile\" id=\"advgb-col-62968212-0b84-4bda-a409-8bca761c3d69\"><div class=\"advgb-column-inner\" style=\"border-style:none;border-width:1px\">\n<div class=\"wp-block-buttons is-layout-flex wp-block-buttons-is-layout-flex\"><\/div>\n\n\n\n<div class=\"wp-block-buttons is-layout-flex wp-block-buttons-is-layout-flex\">\n<div class=\"wp-block-button has-custom-width wp-block-button__width-75 is-style-fill\"><a class=\"wp-block-button__link has-contrast-color has-text-color has-background\" href=\"https:\/\/blog.phsz.ch\/ge3\/ziele\" style=\"border-radius:5px;background-color:#dce0ea\">Ziele<\/a><\/div>\n\n\n\n<div class=\"wp-block-button has-custom-width wp-block-button__width-75 is-style-fill\"><a class=\"wp-block-button__link has-contrast-color has-text-color has-background\" style=\"border-radius:5px;background-color:#dce0ea\"><strong>Hintergrund<\/strong><\/a><\/div>\n\n\n\n<div class=\"wp-block-button has-custom-width wp-block-button__width-75 is-style-fill\"><a class=\"wp-block-button__link has-contrast-color has-text-color has-background\" href=\"https:\/\/blog.phsz.ch\/ge3\/vorgehen\" style=\"border-radius:5px;background-color:#dce0ea\">Schule handelt<\/a><\/div>\n\n\n\n<div class=\"wp-block-button has-custom-width wp-block-button__width-75 is-style-fill\"><a class=\"wp-block-button__link has-contrast-color has-text-color has-background\" href=\"https:\/\/blog.phsz.ch\/ge3\/projektteam\" style=\"border-radius:5px;background-color:#dce0ea\">Projektteam<\/a><\/div>\n\n\n\n<div class=\"wp-block-button has-custom-width wp-block-button__width-75 is-style-fill\"><a class=\"wp-block-button__link has-contrast-color has-text-color has-background\" href=\"https:\/\/blog.phsz.ch\/ge3\/projektdauer\" style=\"border-radius:5px;background-color:#dce0ea\">Studie<\/a><\/div>\n\n\n\n<div class=\"wp-block-button has-custom-width wp-block-button__width-75 is-style-fill\"><a class=\"wp-block-button__link has-contrast-color has-text-color has-background\" href=\"https:\/\/blog.phsz.ch\/ge3\/kooperationspartner\" style=\"border-radius:5px;background-color:#dce0ea\">Kooperationspartner<\/a><\/div>\n\n\n\n<div class=\"wp-block-button has-custom-width wp-block-button__width-75 is-style-fill\"><a class=\"wp-block-button__link has-contrast-color has-text-color has-background\" href=\"https:\/\/blog.phsz.ch\/ge3\/ergebnisse\" style=\"border-radius:5px;background-color:#dce0ea\">Ergebnisse<\/a><\/div>\n\n\n\n<div class=\"wp-block-button has-custom-width wp-block-button__width-75 is-style-fill\"><a class=\"wp-block-button__link has-contrast-color has-text-color has-background\" href=\"https:\/\/blog.phsz.ch\/ge3\/finanzierung\" style=\"border-radius:5px;background-color:#dce0ea\">Finanzierung<\/a><\/div>\n<\/div>\n\n\n\n<div class=\"wp-block-buttons is-layout-flex wp-block-buttons-is-layout-flex\"><\/div>\n<\/div><\/div>\n\n\n\n<div class=\"wp-block-advgb-column advgb-column advgb-is-two-thirds-tablet advgb-is-full-mobile\" id=\"advgb-col-6aef907b-7e7c-4b47-850a-aeb9cf60fc73\"><div class=\"advgb-column-inner\" style=\"border-style:none;border-width:1px\">\n<h2 class=\"wp-block-heading\">Hintergrund<\/h2>\n\n\n\n<p>Lehrkr\u00e4fte und Schulleitungen sind stark belastete Berufsgruppen und die Herausforderungen w\u00e4hrend der weltweiten Pandemie haben zu zus\u00e4tzlichen Belastungen und negativen Auswirkungen auf die Gesundheit gef\u00fchrt. Dies ist problematisch, da die Gesundheit des Schulpersonals nachweislich grundlegend ist f\u00fcr die Unterrichts- und Schulqualit\u00e4t. Vor diesem Hintergrund beginnen Schulen vermehrt Schulentwicklung mit betrieblichem Gesundheitsmanagement zu verkn\u00fcpfen.<\/p>\n\n\n\n<p>In der Praxis besteht ein Bedarf an wirksamen Interventionen zur F\u00f6rderung der Gesundheit des Schulpersonals. Eine dieser Interventionen ist \u00ab<a href=\"https:\/\/www.radix.ch\/de\/gesunde-schulen\/angebote\/schule-handelt\/\">Schule handelt<\/a>\u00bb, welche von der Schweizerischen Gesundheitsstiftung Radix angeboten wird. Es handelt sich dabei um ein Schulentwicklungsprogramm, welches die Gesundheit aller schulischen Mitarbeitenden st\u00e4rken m\u00f6chte. <\/p>\n\n\n\n<p><\/p>\n\n\n\n<p>Das vom Schweizerischen Nationalfond (SNF) gef\u00f6rderte Forschungsprojekt Ge*3 untersucht, wie Schulteams im Rahmen der Intervention &#171;Schule handelt&#187; basierend <ins>auf <\/ins>einer Personalbefragung partizipativ Massnahmen ableiten und umsetzen, um die Gesundheit der Lehrpersonen zu f\u00f6rdern und die Schule als Ganzes zu entwickeln. Das Projekt ist lokalisiert in der Schulentwicklungsforschung, die erg\u00e4nzt wird durch Modelle der Gesundheitsinterventionsforschung und Theorien der Arbeits- und Organisationspsychologie. Es leistet einen Beitrag zur Theoriebildung von organisationalen (Gesundheits-)Interventionen, zur Entwicklung von Forschungsdesigns in der Schulentwicklungsforschung und generiert praktische Erkenntnisse f\u00fcr die Gestaltung von Schulentwicklung und Betrieblichem Gesundheitsmanagement.<br><\/p>\n<\/div><\/div>\n<\/div><\/div><\/div>\n<\/div>\n<\/div>\n\n\n\n<div class=\"wp-block-buttons is-layout-flex wp-block-buttons-is-layout-flex\"><\/div>\n\n\n\n<p><\/p>\n<style class=\"advgb-styles-renderer\">#advgb-col-62968212-0b84-4bda-a409-8bca761c3d69>.advgb-column-inner{}@media screen and (max-width: 1023px) {#advgb-col-62968212-0b84-4bda-a409-8bca761c3d69>.advgb-column-inner{}}@media screen and (max-width: 767px) {#advgb-col-62968212-0b84-4bda-a409-8bca761c3d69>.advgb-column-inner{}}#advgb-col-6aef907b-7e7c-4b47-850a-aeb9cf60fc73>.advgb-column-inner{}@media screen and (max-width: 1023px) {#advgb-col-6aef907b-7e7c-4b47-850a-aeb9cf60fc73>.advgb-column-inner{}}@media screen and (max-width: 767px) {#advgb-col-6aef907b-7e7c-4b47-850a-aeb9cf60fc73>.advgb-column-inner{}}#advgb-cols-af28736f-1f41-4b65-b496-731b7f094375{}@media screen and (max-width: 1023px) {#advgb-cols-af28736f-1f41-4b65-b496-731b7f094375{}}@media screen and (max-width: 767px) {#advgb-cols-af28736f-1f41-4b65-b496-731b7f094375{}}#advgb-col-62968212-0b84-4bda-a409-8bca761c3d69>.advgb-column-inner{}@media screen and (max-width: 1023px) {#advgb-col-62968212-0b84-4bda-a409-8bca761c3d69>.advgb-column-inner{}}@media screen and (max-width: 767px) {#advgb-col-62968212-0b84-4bda-a409-8bca761c3d69>.advgb-column-inner{}}#advgb-col-6aef907b-7e7c-4b47-850a-aeb9cf60fc73>.advgb-column-inner{}@media screen and (max-width: 1023px) {#advgb-col-6aef907b-7e7c-4b47-850a-aeb9cf60fc73>.advgb-column-inner{}}@media screen and (max-width: 767px) {#advgb-col-6aef907b-7e7c-4b47-850a-aeb9cf60fc73>.advgb-column-inner{}}#advgb-cols-af28736f-1f41-4b65-b496-731b7f094375{}@media screen and (max-width: 1023px) {#advgb-cols-af28736f-1f41-4b65-b496-731b7f094375{}}@media screen and (max-width: 767px) {#advgb-cols-af28736f-1f41-4b65-b496-731b7f094375{}}#advgb-col-62968212-0b84-4bda-a409-8bca761c3d69>.advgb-column-inner{}@media screen and (max-width: 1023px) {#advgb-col-62968212-0b84-4bda-a409-8bca761c3d69>.advgb-column-inner{}}@media screen and (max-width: 767px) {#advgb-col-62968212-0b84-4bda-a409-8bca761c3d69>.advgb-column-inner{}}#advgb-col-6aef907b-7e7c-4b47-850a-aeb9cf60fc73>.advgb-column-inner{}@media screen and (max-width: 1023px) {#advgb-col-6aef907b-7e7c-4b47-850a-aeb9cf60fc73>.advgb-column-inner{}}@media screen and (max-width: 767px) {#advgb-col-6aef907b-7e7c-4b47-850a-aeb9cf60fc73>.advgb-column-inner{}}#advgb-cols-af28736f-1f41-4b65-b496-731b7f094375{}@media screen and (max-width: 1023px) {#advgb-cols-af28736f-1f41-4b65-b496-731b7f094375{}}@media screen and (max-width: 767px) {#advgb-cols-af28736f-1f41-4b65-b496-731b7f094375{}}#advgb-col-62968212-0b84-4bda-a409-8bca761c3d69>.advgb-column-inner{}@media screen and (max-width: 1023px) {#advgb-col-62968212-0b84-4bda-a409-8bca761c3d69>.advgb-column-inner{}}@media screen and (max-width: 767px) {#advgb-col-62968212-0b84-4bda-a409-8bca761c3d69>.advgb-column-inner{}}#advgb-col-6aef907b-7e7c-4b47-850a-aeb9cf60fc73>.advgb-column-inner{}@media screen and (max-width: 1023px) {#advgb-col-6aef907b-7e7c-4b47-850a-aeb9cf60fc73>.advgb-column-inner{}}@media screen and (max-width: 767px) {#advgb-col-6aef907b-7e7c-4b47-850a-aeb9cf60fc73>.advgb-column-inner{}}<\/style>","protected":false},"excerpt":{"rendered":"","protected":false},"author":1,"featured_media":0,"parent":0,"menu_order":0,"comment_status":"closed","ping_status":"closed","template":"","meta":{"advgb_blocks_editor_width":"","advgb_blocks_columns_visual_guide":"","footnotes":""},"class_list":["post-55","page","type-page","status-publish"],"coauthors":[],"author_meta":{"author_link":"https:\/\/blog.phsz.ch\/ge3\/author\/heinz-kueng\/","display_name":"heinz.kueng"},"relative_dates":{"created":"Posted 4\u00a0Jahren ago","modified":"Updated 4\u00a0Jahren ago"},"absolute_dates":{"created":"Posted on 23. April 2022","modified":"Updated on 10. Oktober 2022"},"absolute_dates_time":{"created":"Posted on 23. April 2022 10:45","modified":"Updated on 10. Oktober 2022 11:43"},"featured_img_caption":"","featured_img":false,"series_order":"","_links":{"self":[{"href":"https:\/\/blog.phsz.ch\/ge3\/wp-json\/wp\/v2\/pages\/55","targetHints":{"allow":["GET"]}}],"collection":[{"href":"https:\/\/blog.phsz.ch\/ge3\/wp-json\/wp\/v2\/pages"}],"about":[{"href":"https:\/\/blog.phsz.ch\/ge3\/wp-json\/wp\/v2\/types\/page"}],"author":[{"embeddable":true,"href":"https:\/\/blog.phsz.ch\/ge3\/wp-json\/wp\/v2\/users\/1"}],"replies":[{"embeddable":true,"href":"https:\/\/blog.phsz.ch\/ge3\/wp-json\/wp\/v2\/comments?post=55"}],"version-history":[{"count":17,"href":"https:\/\/blog.phsz.ch\/ge3\/wp-json\/wp\/v2\/pages\/55\/revisions"}],"predecessor-version":[{"id":365,"href":"https:\/\/blog.phsz.ch\/ge3\/wp-json\/wp\/v2\/pages\/55\/revisions\/365"}],"wp:attachment":[{"href":"https:\/\/blog.phsz.ch\/ge3\/wp-json\/wp\/v2\/media?parent=55"}],"curies":[{"name":"wp","href":"https:\/\/api.w.org\/{rel}","templated":true}]}}